{"id":133,"date":"2025-12-14T20:38:07","date_gmt":"2025-12-14T20:38:07","guid":{"rendered":"https:\/\/karimziady2026.fr\/?page_id=133"},"modified":"2026-01-16T15:59:04","modified_gmt":"2026-01-16T15:59:04","slug":"je-soutiens","status":"publish","type":"page","link":"https:\/\/karimziady2026.fr\/index.php\/je-soutiens\/","title":{"rendered":"Je Soutiens"},"content":{"rendered":"\r\n<p>&nbsp;<\/p>\r\n<p>&nbsp;<\/p>\r\n<p>&nbsp;<\/p>\r\n<!-- \r\n        Header Block: \"Je soutiens la campagne\"\r\n        Style: Transparent background, Helvetica Neue font, Pink accent #e1396c\r\n    -->\r\n<div style=\"font-family: 'Helvetica Neue', Helvetica, Arial, sans-serif; color: #1f2937; line-height: 1.6; background-color: transparent; padding: 60px 0; text-align: center; box-sizing: border-box;\">\r\n<div style=\"max-width: 900px; margin: 0 auto; padding: 0 10px;\"><!-- Main Title -->\r\n<h1 style=\"font-size: 3.5rem; line-height: 1.1; font-weight: 800; margin-bottom: 2rem; color: #111; margin-top: 0;\">Je soutiens<br \/><span style=\"color: #e1396c;\">la campagne<\/span><\/h1>\r\n<!-- Subtitles Container -->\r\n<div style=\"font-size: 1.4rem; color: #4b5563; font-weight: 300; display: flex; flex-direction: column; align-items: center; gap: 15px;\"><!-- Text elements removed. Red line preserved as a decorative separator. -->\r\n<div style=\"width: 100px; height: 3px; background-color: #e1396c; border-radius: 2px;\">\u00a0<\/div>\r\n<\/div>\r\n<\/div>\r\n<\/div>\r\n\r\n\r\n\r\n<figure class=\"wp-block-image aligncenter size-large\"><img loading=\"lazy\" decoding=\"async\" width=\"1024\" height=\"683\" class=\"wp-image-138\" src=\"https:\/\/karimziady2026.fr\/wp-content\/uploads\/2025\/12\/NIK1740-1024x683.jpg\" alt=\"\" srcset=\"https:\/\/karimziady2026.fr\/wp-content\/uploads\/2025\/12\/NIK1740-1024x683.jpg 1024w, https:\/\/karimziady2026.fr\/wp-content\/uploads\/2025\/12\/NIK1740-300x200.jpg 300w, https:\/\/karimziady2026.fr\/wp-content\/uploads\/2025\/12\/NIK1740-768x512.jpg 768w, https:\/\/karimziady2026.fr\/wp-content\/uploads\/2025\/12\/NIK1740-1536x1024.jpg 1536w, https:\/\/karimziady2026.fr\/wp-content\/uploads\/2025\/12\/NIK1740-2048x1365.jpg 2048w\" sizes=\"auto, (max-width: 1024px) 100vw, 1024px\" \/><\/figure>\r\n\r\n\r\n\r\n<div class=\"wp-block-spacer\" style=\"height: 31px;\" aria-hidden=\"true\">\u00a0<\/div>\r\n\r\n\r\n\r\n<p>&nbsp;<\/p>\r\n<p>&nbsp;<\/p>\r\n<p>&nbsp;<\/p>\r\n<p><script src=\"https:\/\/cdn.tailwindcss.com\"><\/script><script src=\"https:\/\/unpkg.com\/lucide@latest\"><\/script><\/p>\r\n<p>&nbsp;<\/p>\r\n<p><style>\r\n        body {\r\n            font-family: 'Open Sans', sans-serif;\r\n        }\r\n        h1, h2, h3, nav {\r\n            font-family: 'Montserrat', sans-serif;\r\n        }\r\n        \/* Styles from the new element *\/\r\n        .font-poppins { font-family: 'Poppins', sans-serif; }\r\n        \r\n        .campaign-gradient-text {\r\n            background: linear-gradient(180deg, #ffec3f 0%, #e1396c 50%, #00975f 100%);\r\n            -webkit-background-clip: text;\r\n            -webkit-text-fill-color: transparent;\r\n        }\r\n        .btn-gradient {\r\n            background-size: 200% auto;\r\n            background-image: linear-gradient(to right, #e1396c 0%, #00975f 51%, #e1396c 100%);\r\n            transition: 0.5s;\r\n        }\r\n        .btn-gradient:hover {\r\n            background-position: right center;\r\n        }\r\n    <\/style><\/p>\r\n<!-- Conteneur Principal --><main class=\"container mx-auto px-4 pb-12 md:pb-20 max-w-4xl space-y-12\"><!-- NOUVEAU BLOC : Soutenir la campagne -->\r\n<section id=\"soutenir\" class=\"relative overflow-hidden bg-white rounded-3xl shadow-xl border border-gray-100 w-full\"><!-- Decorative blob confined to this card -->\r\n<div class=\"absolute top-0 right-0 w-1\/3 h-full bg-gradient-to-bl from-gray-100 to-transparent -z-10 rounded-bl-full\">\u00a0<\/div>\r\n<div class=\"p-8 md:p-10\">\r\n<h2 class=\"text-3xl font-black mb-6 text-gray-900 font-poppins\">Je soutiens la campagne<\/h2>\r\n<p class=\"text-lg text-gray-600 mb-8 italic border-l-4 border-[#e1396c] pl-4\">\u00ab\u00a0Chacun de vos dons est un appui pr\u00e9cieux pour accompagner notre dynamique de campagne et la faire rayonner partout dans le 17e !\u00a0\u00bb<\/p>\r\n<div class=\"space-y-4 mb-8\"><!-- Card Donation -->\r\n<div class=\"flex items-center gap-4\">\r\n<div class=\"bg-white\/20 p-2 rounded-lg\">\u00a0<\/div>\r\n<span class=\"font-bold text-lg\">Je fais un don par carte bancaire (bient\u00f4t possible)<\/span><\/div>\r\n<!-- Check Donation -->\r\n<div class=\"block w-full bg-gray-50 border-2 border-dashed border-gray-300 p-6 rounded-xl\">\r\n<div class=\"flex items-start gap-4 mb-4\">\r\n<div class=\"bg-gray-200 p-2 rounded-lg text-gray-600\">\u00a0<\/div>\r\n<div><span class=\"font-bold text-lg text-gray-800 block mb-1\">Je fais un don par ch\u00e8que<\/span>\r\n<p class=\"text-sm text-gray-500 mb-3\">T\u00e9l\u00e9chargez le bulletin ci-dessous et renvoyez-le avec votre ch\u00e8que \u00e0 :<\/p>\r\n<address class=\"not-italic font-medium text-gray-700 bg-white p-3 rounded border border-gray-200 inline-block\">Convergence Populaire !<br \/>32 rue des Epinettes, 75017 Paris<\/address><\/div>\r\n<\/div>\r\n<a class=\"inline-flex items-center gap-2 text-[#e1396c] font-bold hover:underline\" href=\"http:\/\/karimziady2026.fr\/wp-content\/uploads\/2025\/12\/Bulletin-de-don-Karim-Ziady-2026_20251212_125714_0000.pdf\" target=\"_blank\" rel=\"noopener\"> <i data-lucide=\"download\"><\/i> T\u00e9l\u00e9charger le bulletin de don (PDF) <\/a><\/div>\r\n<\/div>\r\n<!-- Legal Info -->\r\n<div class=\"bg-blue-50 p-4 rounded-lg text-sm text-blue-800 flex gap-3\"><i class=\"w-5 h-5 flex-shrink-0 mt-0.5\" data-lucide=\"info\"><\/i>\r\n<div>\r\n<p class=\"font-bold mb-1\">Pr\u00e9cision importante :<\/p>\r\n<p class=\"mb-2\">Un don donne droit \u00e0 une r\u00e9duction fiscale de <strong>66%<\/strong> (dans la limite de 20% du revenu imposable). Un don de 100\u20ac ne vous co\u00fbte r\u00e9ellement que 34\u20ac.<\/p>\r\n<p>Les dons ne peuvent pas d\u00e9passer 7 500 \u20ac par personne. De plus, le montant des dons et des cotisations vers\u00e9s aux partis et groupements politiques est plafonn\u00e9 \u00e0 15 000 \u20ac par an et par foyer fiscal.<\/p>\r\n<\/div>\r\n<\/div>\r\n<\/div>\r\n<\/section>\r\n<\/main>\r\n<p><script>\r\n        \/\/ Initialize Lucide icons\r\n        lucide.createIcons();\r\n    <\/script><\/p>\r\n","protected":false},"excerpt":{"rendered":"<p>&nbsp; &nbsp; &nbsp; Je soutiensla campagne \u00a0 &nbsp; &nbsp; &nbsp; &nbsp; \u00a0 Je soutiens la campagne \u00ab\u00a0Chacun de vos dons est un appui pr\u00e9cieux pour accompagner notre dynamique de campagne et la faire rayonner partout dans le 17e !\u00a0\u00bb \u00a0 Je fais un don par carte bancaire (bient\u00f4t possible) \u00a0 Je fais un don par [&hellip;]<\/p>\n","protected":false},"author":2,"featured_media":0,"parent":0,"menu_order":0,"comment_status":"closed","ping_status":"closed","template":"page-no-title","meta":{"footnotes":""},"class_list":["post-133","page","type-page","status-publish","hentry"],"_links":{"self":[{"href":"https:\/\/karimziady2026.fr\/index.php\/wp-json\/wp\/v2\/pages\/133","targetHints":{"allow":["GET"]}}],"collection":[{"href":"https:\/\/karimziady2026.fr\/index.php\/wp-json\/wp\/v2\/pages"}],"about":[{"href":"https:\/\/karimziady2026.fr\/index.php\/wp-json\/wp\/v2\/types\/page"}],"author":[{"embeddable":true,"href":"https:\/\/karimziady2026.fr\/index.php\/wp-json\/wp\/v2\/users\/2"}],"replies":[{"embeddable":true,"href":"https:\/\/karimziady2026.fr\/index.php\/wp-json\/wp\/v2\/comments?post=133"}],"version-history":[{"count":5,"href":"https:\/\/karimziady2026.fr\/index.php\/wp-json\/wp\/v2\/pages\/133\/revisions"}],"predecessor-version":[{"id":189,"href":"https:\/\/karimziady2026.fr\/index.php\/wp-json\/wp\/v2\/pages\/133\/revisions\/189"}],"wp:attachment":[{"href":"https:\/\/karimziady2026.fr\/index.php\/wp-json\/wp\/v2\/media?parent=133"}],"curies":[{"name":"wp","href":"https:\/\/api.w.org\/{rel}","templated":true}]}}