{"id":96,"date":"2025-12-12T13:53:47","date_gmt":"2025-12-12T13:53:47","guid":{"rendered":"https:\/\/karimziady2026.fr\/?page_id=96"},"modified":"2025-12-14T21:03:41","modified_gmt":"2025-12-14T21:03:41","slug":"mentions-legales","status":"publish","type":"page","link":"https:\/\/karimziady2026.fr\/index.php\/reunir-le-17e-avec-karim-ziady\/mentions-legales\/","title":{"rendered":"Mentions l\u00e9gales"},"content":{"rendered":"<p>&nbsp;<\/p>\n<p><!-- Container Principal --><\/p>\n<div style=\"max-width: 800px; margin: 0 auto; background: white; border-radius: 20px; box-shadow: 0 10px 30px rgba(0,0,0,0.05); overflow: hidden;\">\n<p><!-- En-t\u00eate (D\u00e9grad\u00e9 Charte) --><\/p>\n<div style=\"background: linear-gradient(135deg, #ffec3f 0%, #e1396c 50%, #00975f 100%); padding: 40px; text-align: center;\">\n<h1 style=\"color: white; font-size: 2.5rem; font-weight: 800; text-shadow: 0 2px 4px rgba(0,0,0,0.2); margin: 0; letter-spacing: -1px;\">Mentions L\u00e9gales<\/h1>\n<\/div>\n<p><!-- Contenu --><\/p>\n<div style=\"padding: 40px;\">\n<p><!-- Section \u00c9diteur --><\/p>\n<h2 style=\"color: #000; font-size: 1.5rem; margin-top: 40px; margin-bottom: 15px; font-weight: bold; display: flex; align-items: center;\">\u00c9diteur<\/h2>\n<p style=\"margin-bottom: 20px; color: #555;\"><strong>L\u2019ASSOCIATION DE FINANCEMENT DU PARTI POLITIQUE CONVERGENCE POPULAIRE !<\/strong><\/p>\n<p style=\"margin-bottom: 20px; color: #555;\">Inscrite au registre national des associations sous la r\u00e9f\u00e9rence <strong>W751277749<\/strong>.<br \/>\nSi\u00e8ge social situ\u00e9 : 32, rue des Epinettes, 75017 Paris.<\/p>\n<div style=\"background-color: #fcfcfc; border-left: 4px solid #00975f; padding: 20px; border-radius: 0 8px 8px 0; margin-bottom: 25px;\">\n<p style=\"margin-bottom: 0; color: #555;\">L&rsquo;association est agr\u00e9\u00e9e en qualit\u00e9 d&rsquo;association de financement du parti politique \u00ab CONVERGENCE POPULAIRE ! \u00bb inscrit au registre national des associations sous la r\u00e9f\u00e9rence <strong>W751277625<\/strong>.<\/p>\n<\/div>\n<p><!-- Section Directeur de la publication --><\/p>\n<h2 style=\"color: #000; font-size: 1.5rem; margin-top: 40px; margin-bottom: 15px; font-weight: bold; display: flex; align-items: center;\">Directeur de la publication<\/h2>\n<p style=\"margin-bottom: 20px; color: #555;\">Karim Ziady<\/p>\n<p><!-- Section Registraire --><\/p>\n<h2 style=\"color: #000; font-size: 1.5rem; margin-top: 40px; margin-bottom: 15px; font-weight: bold; display: flex; align-items: center;\">Registraire de nom de domaine<\/h2>\n<p style=\"margin-bottom: 20px; color: #555; font-style: italic;\">OVH, 2 rue Kellermann \u2013 59100 Roubaix \u2013 France<\/p>\n<p><!-- Section H\u00e9bergement --><\/p>\n<h2 style=\"color: #000; font-size: 1.5rem; margin-top: 40px; margin-bottom: 15px; font-weight: bold; display: flex; align-items: center;\">H\u00e9bergement<\/h2>\n<p style=\"margin-bottom: 20px; color: #555; font-style: italic;\">OVH, 2 rue Kellermann \u2013 59100 Roubaix \u2013 France<\/p>\n<h2 style=\"color: #000; font-size: 1.5rem; margin-top: 40px; margin-bottom: 15px; font-weight: bold; display: flex; align-items: center;\">Propri\u00e9taire<\/h2>\n<p style=\"margin-bottom: 20px; color: #555; font-style: italic;\">Le parti Convergence Populaire ! r\u00e9f\u00e9rence QW751277625<\/p>\n<\/div>\n<\/div>\n<p>&nbsp;<\/p>\n","protected":false},"excerpt":{"rendered":"<p>&nbsp; Mentions L\u00e9gales \u00c9diteur L\u2019ASSOCIATION DE FINANCEMENT DU PARTI POLITIQUE CONVERGENCE POPULAIRE ! Inscrite au registre national des associations sous la r\u00e9f\u00e9rence W751277749. Si\u00e8ge social situ\u00e9 : 32, rue des Epinettes, 75017 Paris. L&rsquo;association est agr\u00e9\u00e9e en qualit\u00e9 d&rsquo;association de financement du parti politique \u00ab CONVERGENCE POPULAIRE ! \u00bb inscrit au registre national des associations [&hellip;]<\/p>\n","protected":false},"author":2,"featured_media":0,"parent":61,"menu_order":0,"comment_status":"closed","ping_status":"closed","template":"page-no-title","meta":{"footnotes":""},"class_list":["post-96","page","type-page","status-publish","hentry"],"_links":{"self":[{"href":"https:\/\/karimziady2026.fr\/index.php\/wp-json\/wp\/v2\/pages\/96","targetHints":{"allow":["GET"]}}],"collection":[{"href":"https:\/\/karimziady2026.fr\/index.php\/wp-json\/wp\/v2\/pages"}],"about":[{"href":"https:\/\/karimziady2026.fr\/index.php\/wp-json\/wp\/v2\/types\/page"}],"author":[{"embeddable":true,"href":"https:\/\/karimziady2026.fr\/index.php\/wp-json\/wp\/v2\/users\/2"}],"replies":[{"embeddable":true,"href":"https:\/\/karimziady2026.fr\/index.php\/wp-json\/wp\/v2\/comments?post=96"}],"version-history":[{"count":4,"href":"https:\/\/karimziady2026.fr\/index.php\/wp-json\/wp\/v2\/pages\/96\/revisions"}],"predecessor-version":[{"id":144,"href":"https:\/\/karimziady2026.fr\/index.php\/wp-json\/wp\/v2\/pages\/96\/revisions\/144"}],"up":[{"embeddable":true,"href":"https:\/\/karimziady2026.fr\/index.php\/wp-json\/wp\/v2\/pages\/61"}],"wp:attachment":[{"href":"https:\/\/karimziady2026.fr\/index.php\/wp-json\/wp\/v2\/media?parent=96"}],"curies":[{"name":"wp","href":"https:\/\/api.w.org\/{rel}","templated":true}]}}